{"id":2,"date":"2019-05-30T17:55:33","date_gmt":"2019-05-30T15:55:33","guid":{"rendered":"http:\/\/etatsdefames.fr\/?page_id=2"},"modified":"2019-06-30T19:57:55","modified_gmt":"2019-06-30T17:57:55","slug":"temoignages-de-femmes-etats-de-f-ames-etats-de-fames-etats-de-femmes-pensees-libres-de-femmes","status":"publish","type":"page","link":"https:\/\/etatsdefames.fr\/","title":{"rendered":"Appel \u00e0 t\u00e9moignages"},"content":{"rendered":"\n<blockquote class=\"wp-block-quote\"><p> <em>\u00ab\u00a0Nous avan\u00e7ons tous quand nous reconnaissons combien<br>les femmes autour de nous sont r\u00e9silientes et impressionnantes\u00a0\u00bb<\/em><\/p><cite>Rupi Kaur<\/cite><\/blockquote>\n\n\n\n<p class=\"has-drop-cap\">Les femmes qui nous entourent sont toutes \u00e0 leur fa\u00e7on  impressionnantes et inspirantes.   Et elles le sont dans leurs simplicit\u00e9s et singularit\u00e9s : nos amies, nos m\u00e8res, nos s\u0153urs, nos filles, nos coll\u00e8gues\u2026 <\/p>\n\n\n\n<p>Cette odyss\u00e9e du f\u00e9minin a pour objectif de collecter des t\u00e9moignages de femmes autour d&rsquo;une seule question \u00ab que signifie \u00eatre femme pour vous ? \u00bb. <\/p>\n\n\n\n<p><\/p>\n\n\n\n<p>Parce qu&rsquo;il y a autant de d\u00e9finitions qu\u2019il y a de femmes. Il n\u2019existe pas de mod\u00e8le \u00e9tabli en ce qui concerne l\u2019identit\u00e9 f\u00e9minine, et il est important de partager ces diff\u00e9rences qui sont toutes des v\u00e9rit\u00e9s, nos v\u00e9rit\u00e9s.<\/p>\n","protected":false},"excerpt":{"rendered":"<p>\u00ab\u00a0Nous avan\u00e7ons tous quand nous reconnaissons combienles femmes autour de nous sont r\u00e9silientes et impressionnantes\u00a0\u00bb Rupi Kaur Les femmes qui nous entourent sont toutes \u00e0 leur fa\u00e7on impressionnantes et inspirantes. Et elles le sont dans leurs simplicit\u00e9s et singularit\u00e9s : nos amies, nos m\u00e8res, nos s\u0153urs, nos filles, nos coll\u00e8gues\u2026 Cette odyss\u00e9e du f\u00e9minin a pour objectif de collecter des t\u00e9moignages de femmes autour d&rsquo;une seule question \u00ab que signifie \u00eatre femme pour vous ? \u00bb. Parce qu&rsquo;il y a autant de d\u00e9finitions qu\u2019il y a de femmes. Il n\u2019existe pas de mod\u00e8le \u00e9tabli en ce qui concerne l\u2019identit\u00e9 f\u00e9minine, et il est important de partager ces diff\u00e9rences qui sont toutes des v\u00e9rit\u00e9s, nos v\u00e9rit\u00e9s.<\/p>\n","protected":false},"author":1,"featured_media":0,"parent":0,"menu_order":0,"comment_status":"closed","ping_status":"open","template":"","meta":[],"_links":{"self":[{"href":"https:\/\/etatsdefames.fr\/index.php?rest_route=\/wp\/v2\/pages\/2"}],"collection":[{"href":"https:\/\/etatsdefames.fr\/index.php?rest_route=\/wp\/v2\/pages"}],"about":[{"href":"https:\/\/etatsdefames.fr\/index.php?rest_route=\/wp\/v2\/types\/page"}],"author":[{"embeddable":true,"href":"https:\/\/etatsdefames.fr\/index.php?rest_route=\/wp\/v2\/users\/1"}],"replies":[{"embeddable":true,"href":"https:\/\/etatsdefames.fr\/index.php?rest_route=%2Fwp%2Fv2%2Fcomments&post=2"}],"version-history":[{"count":17,"href":"https:\/\/etatsdefames.fr\/index.php?rest_route=\/wp\/v2\/pages\/2\/revisions"}],"predecessor-version":[{"id":208,"href":"https:\/\/etatsdefames.fr\/index.php?rest_route=\/wp\/v2\/pages\/2\/revisions\/208"}],"wp:attachment":[{"href":"https:\/\/etatsdefames.fr\/index.php?rest_route=%2Fwp%2Fv2%2Fmedia&parent=2"}],"curies":[{"name":"wp","href":"https:\/\/api.w.org\/{rel}","templated":true}]}}